{"id":491,"date":"2024-11-18T06:17:50","date_gmt":"2024-11-18T06:17:50","guid":{"rendered":"https:\/\/clean-mist-177001.1wp.site\/contact\/"},"modified":"2025-12-01T16:41:29","modified_gmt":"2025-12-01T16:41:29","slug":"contact","status":"publish","type":"page","link":"https:\/\/develop.wp.agifly.cloud\/fr\/contact\/","title":{"rendered":"Contact"},"content":{"rendered":"\t\t<div data-elementor-type=\"wp-page\" data-elementor-id=\"491\" class=\"elementor elementor-491 elementor-456\" data-elementor-post-type=\"page\">\n\t\t\t\t<div class=\"elementor-element elementor-element-5768ea8 contactus-page-section e-flex e-con-boxed e-con e-parent\" data-id=\"5768ea8\" data-element_type=\"container\" data-e-type=\"container\" data-settings=\"{&quot;background_background&quot;:&quot;classic&quot;}\">\n\t\t\t\t\t<div class=\"e-con-inner\">\n\t\t<div class=\"elementor-element elementor-element-cbf5fc5 e-con-full e-flex e-con e-child\" data-id=\"cbf5fc5\" data-element_type=\"container\" data-e-type=\"container\" data-settings=\"{&quot;background_background&quot;:&quot;classic&quot;}\">\n\t\t<div class=\"elementor-element elementor-element-9c6d4f7 e-con-full e-flex e-con e-child\" data-id=\"9c6d4f7\" data-element_type=\"container\" data-e-type=\"container\" data-settings=\"{&quot;background_background&quot;:&quot;classic&quot;}\">\n\t\t<div class=\"elementor-element elementor-element-c45f197 e-con-full e-flex e-con e-child\" data-id=\"c45f197\" data-element_type=\"container\" data-e-type=\"container\">\n\t\t\t\t<div class=\"elementor-element elementor-element-dc82221 elementor-widget elementor-widget-heading\" data-id=\"dc82221\" data-element_type=\"widget\" data-e-type=\"widget\" data-widget_type=\"heading.default\">\n\t\t\t\t<div class=\"elementor-widget-container\">\n\t\t\t\t\t<h2 class=\"elementor-heading-title elementor-size-default\">Prenons contact !<\/h2>\t\t\t\t<\/div>\n\t\t\t\t<\/div>\n\t\t\t\t<div class=\"elementor-element elementor-element-49b3399 elementor-widget elementor-widget-heading\" data-id=\"49b3399\" data-element_type=\"widget\" data-e-type=\"widget\" data-widget_type=\"heading.default\">\n\t\t\t\t<div class=\"elementor-widget-container\">\n\t\t\t\t\t<h2 class=\"elementor-heading-title elementor-size-default\">Nous serions ravis d'avoir de vos nouvelles. Que vous d\u00e9marriez un nouveau projet, am\u00e9lioriez un projet existant ou souhaitiez simplement en savoir plus sur notre fa\u00e7on de travailler, envoyez-nous un message et nous vous r\u00e9pondrons rapidement. <\/h2>\t\t\t\t<\/div>\n\t\t\t\t<\/div>\n\t\t\t\t<\/div>\n\t\t<div class=\"elementor-element elementor-element-f5d6337 e-con-full e-flex e-con e-child\" data-id=\"f5d6337\" data-element_type=\"container\" data-e-type=\"container\">\n\t\t\t\t<div class=\"elementor-element elementor-element-9b9bb6e elementor-widget elementor-widget-heading\" data-id=\"9b9bb6e\" data-element_type=\"widget\" data-e-type=\"widget\" data-widget_type=\"heading.default\">\n\t\t\t\t<div class=\"elementor-widget-container\">\n\t\t\t\t\t<h2 class=\"elementor-heading-title elementor-size-default\">Discutons<\/h2>\t\t\t\t<\/div>\n\t\t\t\t<\/div>\n\t\t\t\t<div class=\"elementor-element elementor-element-7f01fd9 elementor-icon-list--layout-inline elementor-list-item-link-full_width elementor-widget elementor-widget-icon-list\" data-id=\"7f01fd9\" data-element_type=\"widget\" data-e-type=\"widget\" data-widget_type=\"icon-list.default\">\n\t\t\t\t<div class=\"elementor-widget-container\">\n\t\t\t\t\t\t\t<ul class=\"elementor-icon-list-items elementor-inline-items\">\n\t\t\t\t\t\t\t<li class=\"elementor-icon-list-item elementor-inline-item\">\n\t\t\t\t\t\t\t\t\t\t<span class=\"elementor-icon-list-text\">info@agifly.be<\/span>\n\t\t\t\t\t\t\t\t\t<\/li>\n\t\t\t\t\t\t\t\t<li class=\"elementor-icon-list-item elementor-inline-item\">\n\t\t\t\t\t\t\t\t\t\t<span class=\"elementor-icon-list-text\">+32 256 78 34<\/span>\n\t\t\t\t\t\t\t\t\t<\/li>\n\t\t\t\t\t\t<\/ul>\n\t\t\t\t\t\t<\/div>\n\t\t\t\t<\/div>\n\t\t\t\t<\/div>\n\t\t<div class=\"elementor-element elementor-element-5670bde e-con-full e-flex e-con e-child\" data-id=\"5670bde\" data-element_type=\"container\" data-e-type=\"container\">\n\t\t<div class=\"elementor-element elementor-element-3f6984d e-con-full e-flex e-con e-child\" data-id=\"3f6984d\" data-element_type=\"container\" data-e-type=\"container\">\n\t\t\t\t<div class=\"elementor-element elementor-element-561ac7c elementor-widget elementor-widget-heading\" data-id=\"561ac7c\" data-element_type=\"widget\" data-e-type=\"widget\" data-widget_type=\"heading.default\">\n\t\t\t\t<div class=\"elementor-widget-container\">\n\t\t\t\t\t<h2 class=\"elementor-heading-title elementor-size-default\">Bureau<\/h2>\t\t\t\t<\/div>\n\t\t\t\t<\/div>\n\t\t\t\t<div class=\"elementor-element elementor-element-bdb4bae elementor-widget elementor-widget-heading\" data-id=\"bdb4bae\" data-element_type=\"widget\" data-e-type=\"widget\" data-widget_type=\"heading.default\">\n\t\t\t\t<div class=\"elementor-widget-container\">\n\t\t\t\t\t<h2 class=\"elementor-heading-title elementor-size-default\">GreenBizz<\/br>\nRue Dieudonn\u00e9 Lef\u00e8vre, 17 - 1020 <\/br>Bruxelles <\/h2>\t\t\t\t<\/div>\n\t\t\t\t<\/div>\n\t\t\t\t<\/div>\n\t\t<div class=\"elementor-element elementor-element-b80d5be e-con-full e-flex e-con e-child\" data-id=\"b80d5be\" data-element_type=\"container\" data-e-type=\"container\">\n\t\t\t\t<div class=\"elementor-element elementor-element-4fb00df elementor-widget elementor-widget-heading\" data-id=\"4fb00df\" data-element_type=\"widget\" data-e-type=\"widget\" data-widget_type=\"heading.default\">\n\t\t\t\t<div class=\"elementor-widget-container\">\n\t\t\t\t\t<h2 class=\"elementor-heading-title elementor-size-default\">Entit\u00e9 l\u00e9gale<\/h2>\t\t\t\t<\/div>\n\t\t\t\t<\/div>\n\t\t\t\t<div class=\"elementor-element elementor-element-fdc8f35 elementor-widget elementor-widget-heading\" data-id=\"fdc8f35\" data-element_type=\"widget\" data-e-type=\"widget\" data-widget_type=\"heading.default\">\n\t\t\t\t<div class=\"elementor-widget-container\">\n\t\t\t\t\t<h2 class=\"elementor-heading-title elementor-size-default\">Avenue Albert Baron d'Huart, 7<\/br>\n1150 Woluwe-St-Pierre<\/h2>\t\t\t\t<\/div>\n\t\t\t\t<\/div>\n\t\t\t\t<\/div>\n\t\t\t\t<\/div>\n\t\t<div class=\"elementor-element elementor-element-6b16dcb e-con-full e-flex e-con e-child\" data-id=\"6b16dcb\" data-element_type=\"container\" data-e-type=\"container\">\n\t\t<div class=\"elementor-element elementor-element-e16b001 e-con-full e-flex e-con e-child\" data-id=\"e16b001\" data-element_type=\"container\" data-e-type=\"container\">\n\t\t\t\t<div class=\"elementor-element elementor-element-dcdbb2a elementor-widget elementor-widget-heading\" data-id=\"dcdbb2a\" data-element_type=\"widget\" data-e-type=\"widget\" data-widget_type=\"heading.default\">\n\t\t\t\t<div class=\"elementor-widget-container\">\n\t\t\t\t\t<h2 class=\"elementor-heading-title elementor-size-default\">Contact direct<\/h2>\t\t\t\t<\/div>\n\t\t\t\t<\/div>\n\t\t<div class=\"elementor-element elementor-element-c1ac6ea e-con-full e-flex e-con e-child\" data-id=\"c1ac6ea\" data-element_type=\"container\" data-e-type=\"container\">\n\t\t\t\t<div class=\"elementor-element elementor-element-c58be03 elementor-widget elementor-widget-image\" data-id=\"c58be03\" data-element_type=\"widget\" data-e-type=\"widget\" data-widget_type=\"image.default\">\n\t\t\t\t<div class=\"elementor-widget-container\">\n\t\t\t\t\t\t\t\t\t\t\t\t\t\t\t<img fetchpriority=\"high\" decoding=\"async\" width=\"1500\" height=\"2000\" src=\"https:\/\/s3.nl-ams.scw.cloud\/agifly-wp-develop\/uploads\/nicolas.jpg\" class=\"attachment-full size-full wp-image-10244\" alt=\"\" \/>\t\t\t\t\t\t\t\t\t\t\t\t\t\t\t<\/div>\n\t\t\t\t<\/div>\n\t\t<div class=\"elementor-element elementor-element-bcc54a8 e-con-full e-flex e-con e-child\" data-id=\"bcc54a8\" data-element_type=\"container\" data-e-type=\"container\">\n\t\t\t\t<div class=\"elementor-element elementor-element-f0f241f elementor-widget elementor-widget-heading\" data-id=\"f0f241f\" data-element_type=\"widget\" data-e-type=\"widget\" data-widget_type=\"heading.default\">\n\t\t\t\t<div class=\"elementor-widget-container\">\n\t\t\t\t\t<h2 class=\"elementor-heading-title elementor-size-default\">Nicolas Ramperlbergs<\/h2>\t\t\t\t<\/div>\n\t\t\t\t<\/div>\n\t\t\t\t<div class=\"elementor-element elementor-element-7ac6a48 elementor-widget elementor-widget-heading\" data-id=\"7ac6a48\" data-element_type=\"widget\" data-e-type=\"widget\" data-widget_type=\"heading.default\">\n\t\t\t\t<div class=\"elementor-widget-container\">\n\t\t\t\t\t<h2 class=\"elementor-heading-title elementor-size-default\">Directeur associ\u00e9<\/h2>\t\t\t\t<\/div>\n\t\t\t\t<\/div>\n\t\t\t\t<\/div>\n\t\t\t\t<\/div>\n\t\t\t\t<\/div>\n\t\t\t\t<\/div>\n\t\t\t\t<\/div>\n\t\t\t\t<\/div>\n\t\t<div class=\"elementor-element elementor-element-8a79015 e-con-full e-flex e-con e-child\" data-id=\"8a79015\" data-element_type=\"container\" data-e-type=\"container\">\n\t\t\t\t<div class=\"elementor-element elementor-element-97a044c elementor-widget elementor-widget-heading\" data-id=\"97a044c\" data-element_type=\"widget\" data-e-type=\"widget\" data-widget_type=\"heading.default\">\n\t\t\t\t<div class=\"elementor-widget-container\">\n\t\t\t\t\t<h2 class=\"elementor-heading-title elementor-size-default\">Parlez-nous un peu de votre projet ou de votre question, et nous vous r\u00e9pondrons avec les prochaines \u00e9tapes.<\/h2>\t\t\t\t<\/div>\n\t\t\t\t<\/div>\n\t\t\t\t<div class=\"elementor-element elementor-element-fcf4918 elementor-button-align-center elementor-mobile-button-align-stretch elementor-widget elementor-widget-form\" data-id=\"fcf4918\" data-element_type=\"widget\" data-e-type=\"widget\" data-settings=\"{&quot;step_next_label&quot;:&quot;Suivant&quot;,&quot;step_previous_label&quot;:&quot;Pr\\u00e9c\\u00e9dent&quot;,&quot;step_type&quot;:&quot;number_text&quot;,&quot;step_icon_shape&quot;:&quot;circle&quot;}\" data-widget_type=\"form.default\">\n\t\t\t\t<div class=\"elementor-widget-container\">\n\t\t\t\t\t\t\t<form class=\"elementor-form\" method=\"post\" id=\"newcontactform\" name=\"Nouveau formulaire de contact\" aria-label=\"Nouveau formulaire de contact\" novalidate=\"\">\n\t\t\t<input type=\"hidden\" name=\"post_id\" value=\"491\"\/>\n\t\t\t<input type=\"hidden\" name=\"form_id\" value=\"fcf4918\"\/>\n\t\t\t<input type=\"hidden\" name=\"referer_title\" value=\"Agifly\" \/>\n\n\t\t\t\n\t\t\t<div class=\"elementor-form-fields-wrapper elementor-labels-above\">\n\t\t\t\t\t\t\t\t<div class=\"elementor-field-type-text elementor-field-group elementor-column elementor-field-group-name elementor-col-100 elementor-md-100 elementor-sm-100 elementor-field-required\">\n\t\t\t\t\t\t\t\t\t\t\t\t<label for=\"form-field-name\" class=\"elementor-field-label\">\n\t\t\t\t\t\t\t\tNom complet*\t\t\t\t\t\t\t<\/label>\n\t\t\t\t\t\t\t\t\t\t\t\t\t\t<input size=\"1\" type=\"text\" name=\"form_fields[name]\" id=\"form-field-name\" class=\"elementor-field elementor-size-sm  elementor-field-textual\" required=\"required\">\n\t\t\t\t\t\t\t\t\t\t\t<\/div>\n\t\t\t\t\t\t\t\t<div class=\"elementor-field-type-email elementor-field-group elementor-column elementor-field-group-email elementor-col-100 elementor-md-100 elementor-field-required\">\n\t\t\t\t\t\t\t\t\t\t\t\t<label for=\"form-field-email\" class=\"elementor-field-label\">\n\t\t\t\t\t\t\t\tE-mail*\t\t\t\t\t\t\t<\/label>\n\t\t\t\t\t\t\t\t\t\t\t\t\t\t<input size=\"1\" type=\"email\" name=\"form_fields[email]\" id=\"form-field-email\" class=\"elementor-field elementor-size-sm  elementor-field-textual\" required=\"required\">\n\t\t\t\t\t\t\t\t\t\t\t<\/div>\n\t\t\t\t\t\t\t\t<div class=\"elementor-field-type-text elementor-field-group elementor-column elementor-field-group-phone elementor-col-100 elementor-md-100 elementor-field-required\">\n\t\t\t\t\t\t\t\t\t\t\t\t<label for=\"form-field-phone\" class=\"elementor-field-label\">\n\t\t\t\t\t\t\t\tT\u00e9l\u00e9phone*\t\t\t\t\t\t\t<\/label>\n\t\t\t\t\t\t\t\t\t\t\t\t\t\t<input size=\"1\" type=\"text\" name=\"form_fields[phone]\" id=\"form-field-phone\" class=\"elementor-field elementor-size-sm  elementor-field-textual\" required=\"required\">\n\t\t\t\t\t\t\t\t\t\t\t<\/div>\n\t\t\t\t\t\t\t\t<div class=\"elementor-field-type-text elementor-field-group elementor-column elementor-field-group-field_7c7ee4d elementor-col-100 elementor-md-100\">\n\t\t\t\t\t\t\t\t\t\t\t\t<label for=\"form-field-field_7c7ee4d\" class=\"elementor-field-label\">\n\t\t\t\t\t\t\t\tEntreprise\t\t\t\t\t\t\t<\/label>\n\t\t\t\t\t\t\t\t\t\t\t\t\t\t<input size=\"1\" type=\"text\" name=\"form_fields[field_7c7ee4d]\" id=\"form-field-field_7c7ee4d\" class=\"elementor-field elementor-size-sm  elementor-field-textual\">\n\t\t\t\t\t\t\t\t\t\t\t<\/div>\n\t\t\t\t\t\t\t\t<div class=\"elementor-field-type-textarea elementor-field-group elementor-column elementor-field-group-message elementor-col-100 elementor-field-required\">\n\t\t\t\t\t\t\t\t\t\t\t\t<label for=\"form-field-message\" class=\"elementor-field-label\">\n\t\t\t\t\t\t\t\tMessage*\t\t\t\t\t\t\t<\/label>\n\t\t\t\t\t\t<textarea class=\"elementor-field-textual elementor-field  elementor-size-sm\" name=\"form_fields[message]\" id=\"form-field-message\" rows=\"6\" required=\"required\"><\/textarea>\t\t\t\t<\/div>\n\t\t\t\t\t\t\t\t<div class=\"elementor-field-group elementor-column elementor-field-type-submit elementor-col-100 e-form__buttons\">\n\t\t\t\t\t<button class=\"elementor-button elementor-size-sm\" type=\"submit\" id=\"fly-effect-send\">\n\t\t\t\t\t\t<span class=\"elementor-button-content-wrapper\">\n\t\t\t\t\t\t\t\t\t\t\t\t\t\t\t<span class=\"elementor-button-icon\">\n\t\t\t\t\t\t\t\t\t\t\t\t\t\t\t\t\t\t\t\t\t\t\t\t\t\t<\/span>\n\t\t\t\t\t\t\t\t\t\t\t\t\t\t\t\t\t\t\t\t\t\t<span class=\"elementor-button-text\">Envoyer le message<\/span>\n\t\t\t\t\t\t\t\t\t\t\t\t\t<\/span>\n\t\t\t\t\t<\/button>\n\t\t\t\t<\/div>\n\t\t\t<\/div>\n\t\t<\/form>\n\t\t\t\t\t\t<\/div>\n\t\t\t\t<\/div>\n\t\t<div class=\"elementor-element elementor-element-2e23082 e-con-full contact_us_form_success_message_hidden e-flex e-con e-child\" data-id=\"2e23082\" data-element_type=\"container\" data-e-type=\"container\">\n\t\t\t\t<div class=\"elementor-element elementor-element-aa93bbc elementor-icon-list--layout-traditional elementor-list-item-link-full_width elementor-widget elementor-widget-icon-list\" data-id=\"aa93bbc\" data-element_type=\"widget\" data-e-type=\"widget\" data-widget_type=\"icon-list.default\">\n\t\t\t\t<div class=\"elementor-widget-container\">\n\t\t\t\t\t\t\t<ul class=\"elementor-icon-list-items\">\n\t\t\t\t\t\t\t<li class=\"elementor-icon-list-item\">\n\t\t\t\t\t\t\t\t\t\t\t<span class=\"elementor-icon-list-icon\">\n\t\t\t\t\t\t\t\t\t\t\t\t\t<\/span>\n\t\t\t\t\t\t\t\t\t\t<span class=\"elementor-icon-list-text\">Merci pour votre message<\/span>\n\t\t\t\t\t\t\t\t\t<\/li>\n\t\t\t\t\t\t<\/ul>\n\t\t\t\t\t\t<\/div>\n\t\t\t\t<\/div>\n\t\t\t\t<div class=\"elementor-element elementor-element-8a444e1 elementor-widget elementor-widget-text-editor\" data-id=\"8a444e1\" data-element_type=\"widget\" data-e-type=\"widget\" data-widget_type=\"text-editor.default\">\n\t\t\t\t<div class=\"elementor-widget-container\">\n\t\t\t\t\t\t\t\t\t<p>Lorem ipsum dolor sit amet consectetur. Sagittis turpis lorem tortor ultrices imperdiet pretium lorem. Vel ultricies odio tempus risus nec sapien lectus viverra. Purus nulla lacus sit diam praesent eget. Ac egestas id odio turpis scelerisque rhoncus vulputate in mauris. Nam netus augue nibh eget. Id vitae nulla aliquam metus amet cras faucibus. Dignissim tortor blandit diam pretium quisque.       <\/p>\n\t\t\t\t\t\t\t\t<\/div>\n\t\t\t\t<\/div>\n\t\t\t\t<\/div>\n\t\t\t\t<\/div>\n\t\t\t\t\t<\/div>\n\t\t\t\t<\/div>\n\t\t\t\t<\/div>\n\t\t","protected":false},"excerpt":{"rendered":"<p>Prenons contact ! Nous serions ravis d&#8217;avoir de vos nouvelles. Que vous d\u00e9marriez un nouveau projet, am\u00e9lioriez un projet existant ou souhaitiez simplement en savoir plus sur notre fa\u00e7on de travailler, envoyez-nous un message et nous vous r\u00e9pondrons rapidement. Discutons info@agifly.be +32 256 78 34 Bureau GreenBizz Rue Dieudonn\u00e9 Lef\u00e8vre, 17 &#8211; 1020 Bruxelles Entit\u00e9 [&hellip;]<\/p>\n","protected":false},"author":2,"featured_media":0,"parent":0,"menu_order":0,"comment_status":"closed","ping_status":"closed","template":"","meta":{"_acf_changed":false,"footnotes":""},"class_list":["post-491","page","type-page","status-publish","hentry"],"acf":[],"yoast_head":"<!-- This site is optimized with the Yoast SEO Premium plugin v27.3 (Yoast SEO v27.3) - https:\/\/yoast.com\/product\/yoast-seo-premium-wordpress\/ -->\n<title>Contact - Agifly<\/title>\n<meta name=\"robots\" content=\"index, follow, max-snippet:-1, max-image-preview:large, max-video-preview:-1\" \/>\n<link rel=\"canonical\" href=\"https:\/\/develop.wp.agifly.cloud\/fr\/contact\/\" \/>\n<meta property=\"og:locale\" content=\"fr_FR\" \/>\n<meta property=\"og:type\" content=\"article\" \/>\n<meta property=\"og:title\" content=\"Contact\" \/>\n<meta property=\"og:description\" content=\"Prenons contact ! Nous serions ravis d&#8217;avoir de vos nouvelles. Que vous d\u00e9marriez un nouveau projet, am\u00e9lioriez un projet existant ou souhaitiez simplement en savoir plus sur notre fa\u00e7on de travailler, envoyez-nous un message et nous vous r\u00e9pondrons rapidement. Discutons info@agifly.be +32 256 78 34 Bureau GreenBizz Rue Dieudonn\u00e9 Lef\u00e8vre, 17 &#8211; 1020 Bruxelles Entit\u00e9 [&hellip;]\" \/>\n<meta property=\"og:url\" content=\"https:\/\/develop.wp.agifly.cloud\/fr\/contact\/\" \/>\n<meta property=\"og:site_name\" content=\"Agifly\" \/>\n<meta property=\"article:modified_time\" content=\"2025-12-01T16:41:29+00:00\" \/>\n<meta property=\"og:image\" content=\"https:\/\/develop.wp.agifly.cloud\/wp-content\/uploads\/2026\/01\/WhatsApp-Image-2026-01-20-at-3.44.46-PM.jpeg\" \/>\n<meta name=\"twitter:card\" content=\"summary_large_image\" \/>\n<meta name=\"twitter:label1\" content=\"Est. reading time\" \/>\n\t<meta name=\"twitter:data1\" content=\"1 minute\" \/>\n<script type=\"application\/ld+json\" class=\"yoast-schema-graph\">{\"@context\":\"https:\\\/\\\/schema.org\",\"@graph\":[{\"@type\":\"WebPage\",\"@id\":\"https:\\\/\\\/develop.wp.agifly.cloud\\\/fr\\\/contact\\\/\",\"url\":\"https:\\\/\\\/develop.wp.agifly.cloud\\\/fr\\\/contact\\\/\",\"name\":\"Contact - Agifly\",\"isPartOf\":{\"@id\":\"https:\\\/\\\/develop.wp.agifly.cloud\\\/fr\\\/#website\"},\"primaryImageOfPage\":{\"@id\":\"https:\\\/\\\/develop.wp.agifly.cloud\\\/fr\\\/contact\\\/#primaryimage\"},\"image\":{\"@id\":\"https:\\\/\\\/develop.wp.agifly.cloud\\\/fr\\\/contact\\\/#primaryimage\"},\"thumbnailUrl\":\"https:\\\/\\\/s3.nl-ams.scw.cloud\\\/agifly-wp-develop\\\/uploads\\\/nicolas.jpg\",\"datePublished\":\"2024-11-18T06:17:50+00:00\",\"dateModified\":\"2025-12-01T16:41:29+00:00\",\"inLanguage\":\"fr-FR\",\"potentialAction\":[{\"@type\":\"ReadAction\",\"target\":[\"https:\\\/\\\/develop.wp.agifly.cloud\\\/fr\\\/contact\\\/\"]}]},{\"@type\":\"ImageObject\",\"inLanguage\":\"fr-FR\",\"@id\":\"https:\\\/\\\/develop.wp.agifly.cloud\\\/fr\\\/contact\\\/#primaryimage\",\"url\":\"https:\\\/\\\/s3.nl-ams.scw.cloud\\\/agifly-wp-develop\\\/uploads\\\/nicolas.jpg\",\"contentUrl\":\"https:\\\/\\\/s3.nl-ams.scw.cloud\\\/agifly-wp-develop\\\/uploads\\\/nicolas.jpg\"},{\"@type\":\"WebSite\",\"@id\":\"https:\\\/\\\/develop.wp.agifly.cloud\\\/fr\\\/#website\",\"url\":\"https:\\\/\\\/develop.wp.agifly.cloud\\\/fr\\\/\",\"name\":\"Agifly\",\"description\":\"\",\"publisher\":{\"@id\":\"https:\\\/\\\/develop.wp.agifly.cloud\\\/fr\\\/#organization\"},\"potentialAction\":[{\"@type\":\"SearchAction\",\"target\":{\"@type\":\"EntryPoint\",\"urlTemplate\":\"https:\\\/\\\/develop.wp.agifly.cloud\\\/fr\\\/?s={search_term_string}\"},\"query-input\":{\"@type\":\"PropertyValueSpecification\",\"valueRequired\":true,\"valueName\":\"search_term_string\"}}],\"inLanguage\":\"fr-FR\"},{\"@type\":[\"Organization\",\"Place\"],\"@id\":\"https:\\\/\\\/develop.wp.agifly.cloud\\\/fr\\\/#organization\",\"name\":\"Agifly\",\"url\":\"https:\\\/\\\/develop.wp.agifly.cloud\\\/fr\\\/\",\"logo\":{\"@id\":\"https:\\\/\\\/develop.wp.agifly.cloud\\\/fr\\\/contact\\\/#local-main-organization-logo\"},\"image\":{\"@id\":\"https:\\\/\\\/develop.wp.agifly.cloud\\\/fr\\\/contact\\\/#local-main-organization-logo\"},\"telephone\":[],\"openingHoursSpecification\":[{\"@type\":\"OpeningHoursSpecification\",\"dayOfWeek\":[\"Monday\",\"Tuesday\",\"Wednesday\",\"Thursday\",\"Friday\",\"Saturday\",\"Sunday\"],\"opens\":\"09:00\",\"closes\":\"17:00\"}]},{\"@type\":\"ImageObject\",\"inLanguage\":\"fr-FR\",\"@id\":\"https:\\\/\\\/develop.wp.agifly.cloud\\\/fr\\\/contact\\\/#local-main-organization-logo\",\"url\":\"https:\\\/\\\/s3.nl-ams.scw.cloud\\\/agifly-wp-develop\\\/uploads\\\/agifly-v2-logo.svg\",\"contentUrl\":\"https:\\\/\\\/s3.nl-ams.scw.cloud\\\/agifly-wp-develop\\\/uploads\\\/agifly-v2-logo.svg\",\"width\":274,\"height\":77,\"caption\":\"Agifly\"}]}<\/script>\n<!-- \/ Yoast SEO Premium plugin. -->","yoast_head_json":{"title":"Contact - Agifly","robots":{"index":"index","follow":"follow","max-snippet":"max-snippet:-1","max-image-preview":"max-image-preview:large","max-video-preview":"max-video-preview:-1"},"canonical":"https:\/\/develop.wp.agifly.cloud\/fr\/contact\/","og_locale":"fr_FR","og_type":"article","og_title":"Contact","og_description":"Prenons contact ! Nous serions ravis d&#8217;avoir de vos nouvelles. Que vous d\u00e9marriez un nouveau projet, am\u00e9lioriez un projet existant ou souhaitiez simplement en savoir plus sur notre fa\u00e7on de travailler, envoyez-nous un message et nous vous r\u00e9pondrons rapidement. Discutons info@agifly.be +32 256 78 34 Bureau GreenBizz Rue Dieudonn\u00e9 Lef\u00e8vre, 17 &#8211; 1020 Bruxelles Entit\u00e9 [&hellip;]","og_url":"https:\/\/develop.wp.agifly.cloud\/fr\/contact\/","og_site_name":"Agifly","article_modified_time":"2025-12-01T16:41:29+00:00","og_image":[{"url":"https:\/\/develop.wp.agifly.cloud\/wp-content\/uploads\/2026\/01\/WhatsApp-Image-2026-01-20-at-3.44.46-PM.jpeg","type":"","width":"","height":""}],"twitter_card":"summary_large_image","twitter_misc":{"Est. reading time":"1 minute"},"schema":{"@context":"https:\/\/schema.org","@graph":[{"@type":"WebPage","@id":"https:\/\/develop.wp.agifly.cloud\/fr\/contact\/","url":"https:\/\/develop.wp.agifly.cloud\/fr\/contact\/","name":"Contact - Agifly","isPartOf":{"@id":"https:\/\/develop.wp.agifly.cloud\/fr\/#website"},"primaryImageOfPage":{"@id":"https:\/\/develop.wp.agifly.cloud\/fr\/contact\/#primaryimage"},"image":{"@id":"https:\/\/develop.wp.agifly.cloud\/fr\/contact\/#primaryimage"},"thumbnailUrl":"https:\/\/s3.nl-ams.scw.cloud\/agifly-wp-develop\/uploads\/nicolas.jpg","datePublished":"2024-11-18T06:17:50+00:00","dateModified":"2025-12-01T16:41:29+00:00","inLanguage":"fr-FR","potentialAction":[{"@type":"ReadAction","target":["https:\/\/develop.wp.agifly.cloud\/fr\/contact\/"]}]},{"@type":"ImageObject","inLanguage":"fr-FR","@id":"https:\/\/develop.wp.agifly.cloud\/fr\/contact\/#primaryimage","url":"https:\/\/s3.nl-ams.scw.cloud\/agifly-wp-develop\/uploads\/nicolas.jpg","contentUrl":"https:\/\/s3.nl-ams.scw.cloud\/agifly-wp-develop\/uploads\/nicolas.jpg"},{"@type":"WebSite","@id":"https:\/\/develop.wp.agifly.cloud\/fr\/#website","url":"https:\/\/develop.wp.agifly.cloud\/fr\/","name":"Agifly","description":"","publisher":{"@id":"https:\/\/develop.wp.agifly.cloud\/fr\/#organization"},"potentialAction":[{"@type":"SearchAction","target":{"@type":"EntryPoint","urlTemplate":"https:\/\/develop.wp.agifly.cloud\/fr\/?s={search_term_string}"},"query-input":{"@type":"PropertyValueSpecification","valueRequired":true,"valueName":"search_term_string"}}],"inLanguage":"fr-FR"},{"@type":["Organization","Place"],"@id":"https:\/\/develop.wp.agifly.cloud\/fr\/#organization","name":"Agifly","url":"https:\/\/develop.wp.agifly.cloud\/fr\/","logo":{"@id":"https:\/\/develop.wp.agifly.cloud\/fr\/contact\/#local-main-organization-logo"},"image":{"@id":"https:\/\/develop.wp.agifly.cloud\/fr\/contact\/#local-main-organization-logo"},"telephone":[],"openingHoursSpecification":[{"@type":"OpeningHoursSpecification","dayOfWeek":["Monday","Tuesday","Wednesday","Thursday","Friday","Saturday","Sunday"],"opens":"09:00","closes":"17:00"}]},{"@type":"ImageObject","inLanguage":"fr-FR","@id":"https:\/\/develop.wp.agifly.cloud\/fr\/contact\/#local-main-organization-logo","url":"https:\/\/s3.nl-ams.scw.cloud\/agifly-wp-develop\/uploads\/agifly-v2-logo.svg","contentUrl":"https:\/\/s3.nl-ams.scw.cloud\/agifly-wp-develop\/uploads\/agifly-v2-logo.svg","width":274,"height":77,"caption":"Agifly"}]}},"_links":{"self":[{"href":"https:\/\/develop.wp.agifly.cloud\/fr\/wp-json\/wp\/v2\/pages\/491","targetHints":{"allow":["GET"]}}],"collection":[{"href":"https:\/\/develop.wp.agifly.cloud\/fr\/wp-json\/wp\/v2\/pages"}],"about":[{"href":"https:\/\/develop.wp.agifly.cloud\/fr\/wp-json\/wp\/v2\/types\/page"}],"author":[{"embeddable":true,"href":"https:\/\/develop.wp.agifly.cloud\/fr\/wp-json\/wp\/v2\/users\/2"}],"replies":[{"embeddable":true,"href":"https:\/\/develop.wp.agifly.cloud\/fr\/wp-json\/wp\/v2\/comments?post=491"}],"version-history":[{"count":2,"href":"https:\/\/develop.wp.agifly.cloud\/fr\/wp-json\/wp\/v2\/pages\/491\/revisions"}],"predecessor-version":[{"id":10995,"href":"https:\/\/develop.wp.agifly.cloud\/fr\/wp-json\/wp\/v2\/pages\/491\/revisions\/10995"}],"wp:attachment":[{"href":"https:\/\/develop.wp.agifly.cloud\/fr\/wp-json\/wp\/v2\/media?parent=491"}],"curies":[{"name":"wp","href":"https:\/\/api.w.org\/{rel}","templated":true}]}}